{"id":29,"date":"2022-10-28T19:32:17","date_gmt":"2022-10-28T19:32:17","guid":{"rendered":"https:\/\/lundppesociety.se\/appell\/?page_id=29"},"modified":"2024-04-02T18:06:03","modified_gmt":"2024-04-02T18:06:03","slug":"kontakt","status":"publish","type":"page","link":"https:\/\/appell.lundppesociety.se\/index.php\/kontakt\/","title":{"rendered":"Kontakt"},"content":{"rendered":"\n<div style=\"height:15px\" aria-hidden=\"true\" class=\"wp-block-spacer\"><\/div>\n\n\n\n<p>F\u00f6r fr\u00e5gor eller bidrag: appell@lundppesociety.se<\/p>\n\n\n\n<p>Ni kan \u00e4ven n\u00e5 oss p\u00e5 via Facebook, f\u00f6lj QR-koden under.<\/p>\n\n\n\n<p>F\u00f6r Lund PPE society se hemsidan:<\/p>\n\n\n\n<div style=\"height:46px\" aria-hidden=\"true\" class=\"wp-block-spacer\"><\/div>\n\n\n\n<p><strong>Lund PPE society:<\/strong><\/p>\n\n\n\n<p><a href=\"http:\/\/lundppesociety.se\/\" target=\"_blank\" rel=\"noreferrer noopener\">http:\/\/lundppesociety.se\/<\/a><\/p>\n\n\n<div class=\"wp-block-image\">\n<figure class=\"alignleft size-large is-resized\"><img loading=\"lazy\" decoding=\"async\" width=\"757\" height=\"795\" src=\"https:\/\/lundppesociety.se\/appell\/wp-content\/uploads\/2022\/11\/20221117_032230-edited-1.jpg\" alt=\"\" class=\"wp-image-583\" style=\"width:217px;height:227px\" srcset=\"https:\/\/appell.lundppesociety.se\/wp-content\/uploads\/2022\/11\/20221117_032230-edited-1.jpg 757w, https:\/\/appell.lundppesociety.se\/wp-content\/uploads\/2022\/11\/20221117_032230-edited-1-286x300.jpg 286w, https:\/\/appell.lundppesociety.se\/wp-content\/uploads\/2022\/11\/20221117_032230-edited-1-300x315.jpg 300w\" sizes=\"auto, (max-width: 757px) 100vw, 757px\" \/><\/figure>\n<\/div>\n\n\n<div style=\"height:100px\" aria-hidden=\"true\" class=\"wp-block-spacer\"><\/div>\n\n\n<ul class=\"wp-block-page-list\"><li class=\"wp-block-pages-list__item\"><a class=\"wp-block-pages-list__item__link\" href=\"https:\/\/appell.lundppesociety.se\/index.php\/743-2\/\">(ingen rubrik)<\/a><\/li><li class=\"wp-block-pages-list__item\"><a class=\"wp-block-pages-list__item__link\" href=\"https:\/\/appell.lundppesociety.se\/index.php\/1238-2\/\">(ingen rubrik)<\/a><\/li><li class=\"wp-block-pages-list__item\"><a class=\"wp-block-pages-list__item__link\" href=\"https:\/\/appell.lundppesociety.se\/index.php\/varhyllning\/\">(ingen rubrik)<\/a><\/li><li class=\"wp-block-pages-list__item\"><a class=\"wp-block-pages-list__item__link\" href=\"https:\/\/appell.lundppesociety.se\/index.php\/arkiv-sondagskronikor\/\">Arkiv &#8211; S\u00f6ndagskr\u00f6nikor<\/a><\/li><li class=\"wp-block-pages-list__item menu-item-home\"><a class=\"wp-block-pages-list__item__link\" href=\"https:\/\/appell.lundppesociety.se\/\">Intervju: Richard Wahlstr\u00f6m<\/a><\/li><li class=\"wp-block-pages-list__item\"><a class=\"wp-block-pages-list__item__link\" href=\"https:\/\/appell.lundppesociety.se\/index.php\/kontakt\/\">Kontakt<\/a><\/li><li class=\"wp-block-pages-list__item\"><a class=\"wp-block-pages-list__item__link\" href=\"https:\/\/appell.lundppesociety.se\/index.php\/kultur\/\">Kultur<\/a><\/li><li class=\"wp-block-pages-list__item\"><a class=\"wp-block-pages-list__item__link\" href=\"https:\/\/appell.lundppesociety.se\/index.php\/om\/\">Om<\/a><\/li><li class=\"wp-block-pages-list__item\"><a class=\"wp-block-pages-list__item__link\" href=\"https:\/\/appell.lundppesociety.se\/index.php\/sakligt\/\">Sakligt<\/a><\/li><li class=\"wp-block-pages-list__item\"><a class=\"wp-block-pages-list__item__link\" href=\"https:\/\/appell.lundppesociety.se\/index.php\/tidskrift\/\">Tidskrift<\/a><\/li><\/ul>\n\n\n<hr class=\"wp-block-separator has-alpha-channel-opacity\"\/>\n","protected":false},"excerpt":{"rendered":"<p>F\u00f6r fr\u00e5gor eller bidrag: appell@lundppesociety.se Ni kan \u00e4ven n\u00e5 oss p\u00e5 via Facebook, f\u00f6lj QR-koden under. F\u00f6r Lund PPE society se hemsidan: Lund PPE society: http:\/\/lundppesociety.se\/<\/p>\n","protected":false},"author":1,"featured_media":0,"parent":0,"menu_order":0,"comment_status":"closed","ping_status":"closed","template":"","meta":{"footnotes":""},"class_list":["post-29","page","type-page","status-publish","hentry"],"yoast_head":"<!-- This site is optimized with the Yoast SEO plugin v19.10 - https:\/\/yoast.com\/wordpress\/plugins\/seo\/ -->\n<title>Kontakt - APPELL<\/title>\n<meta name=\"robots\" content=\"index, follow, max-snippet:-1, max-image-preview:large, max-video-preview:-1\" \/>\n<link rel=\"canonical\" href=\"https:\/\/appell.lundppesociety.se\/index.php\/kontakt\/\" \/>\n<meta property=\"og:locale\" content=\"sv_SE\" \/>\n<meta property=\"og:type\" content=\"article\" \/>\n<meta property=\"og:title\" content=\"Kontakt - APPELL\" \/>\n<meta property=\"og:description\" content=\"F\u00f6r fr\u00e5gor eller bidrag: appell@lundppesociety.se Ni kan \u00e4ven n\u00e5 oss p\u00e5 via Facebook, f\u00f6lj QR-koden under. F\u00f6r Lund PPE society se hemsidan: Lund PPE society: http:\/\/lundppesociety.se\/\" \/>\n<meta property=\"og:url\" content=\"https:\/\/appell.lundppesociety.se\/index.php\/kontakt\/\" \/>\n<meta property=\"og:site_name\" content=\"APPELL\" \/>\n<meta property=\"article:publisher\" content=\"https:\/\/www.facebook.com\/groups\/1665589337171854\/\" \/>\n<meta property=\"article:modified_time\" content=\"2024-04-02T18:06:03+00:00\" \/>\n<meta property=\"og:image\" content=\"https:\/\/lundppesociety.se\/appell\/wp-content\/uploads\/2022\/11\/20221117_032230-edited-1.jpg\" \/>\n<meta name=\"twitter:card\" content=\"summary_large_image\" \/>\n<meta name=\"twitter:label1\" content=\"Ber\u00e4knad l\u00e4stid\" \/>\n\t<meta name=\"twitter:data1\" content=\"1 minut\" \/>\n<script type=\"application\/ld+json\" class=\"yoast-schema-graph\">{\"@context\":\"https:\/\/schema.org\",\"@graph\":[{\"@type\":\"WebPage\",\"@id\":\"https:\/\/appell.lundppesociety.se\/index.php\/kontakt\/\",\"url\":\"https:\/\/appell.lundppesociety.se\/index.php\/kontakt\/\",\"name\":\"Kontakt - APPELL\",\"isPartOf\":{\"@id\":\"https:\/\/appell.lundppesociety.se\/#website\"},\"datePublished\":\"2022-10-28T19:32:17+00:00\",\"dateModified\":\"2024-04-02T18:06:03+00:00\",\"breadcrumb\":{\"@id\":\"https:\/\/appell.lundppesociety.se\/index.php\/kontakt\/#breadcrumb\"},\"inLanguage\":\"sv-SE\",\"potentialAction\":[{\"@type\":\"ReadAction\",\"target\":[\"https:\/\/appell.lundppesociety.se\/index.php\/kontakt\/\"]}]},{\"@type\":\"BreadcrumbList\",\"@id\":\"https:\/\/appell.lundppesociety.se\/index.php\/kontakt\/#breadcrumb\",\"itemListElement\":[{\"@type\":\"ListItem\",\"position\":1,\"name\":\"Hem\",\"item\":\"https:\/\/appell.lundppesociety.se\/\"},{\"@type\":\"ListItem\",\"position\":2,\"name\":\"Kontakt\"}]},{\"@type\":\"WebSite\",\"@id\":\"https:\/\/appell.lundppesociety.se\/#website\",\"url\":\"https:\/\/appell.lundppesociety.se\/\",\"name\":\"APPELL\",\"description\":\"En Appell f\u00f6r alla studenter\",\"publisher\":{\"@id\":\"https:\/\/appell.lundppesociety.se\/#organization\"},\"potentialAction\":[{\"@type\":\"SearchAction\",\"target\":{\"@type\":\"EntryPoint\",\"urlTemplate\":\"https:\/\/appell.lundppesociety.se\/?s={search_term_string}\"},\"query-input\":\"required name=search_term_string\"}],\"inLanguage\":\"sv-SE\"},{\"@type\":\"Organization\",\"@id\":\"https:\/\/appell.lundppesociety.se\/#organization\",\"name\":\"APPELL\",\"url\":\"https:\/\/appell.lundppesociety.se\/\",\"logo\":{\"@type\":\"ImageObject\",\"inLanguage\":\"sv-SE\",\"@id\":\"https:\/\/appell.lundppesociety.se\/#\/schema\/logo\/image\/\",\"url\":\"https:\/\/lundppesociety.se\/appell\/wp-content\/uploads\/2022\/11\/BORER-1tset26116447_112341127358476_6365536762709446454_n-green.png\",\"contentUrl\":\"https:\/\/lundppesociety.se\/appell\/wp-content\/uploads\/2022\/11\/BORER-1tset26116447_112341127358476_6365536762709446454_n-green.png\",\"width\":406,\"height\":400,\"caption\":\"APPELL\"},\"image\":{\"@id\":\"https:\/\/appell.lundppesociety.se\/#\/schema\/logo\/image\/\"},\"sameAs\":[\"https:\/\/www.facebook.com\/groups\/1665589337171854\/\"]}]}<\/script>\n<!-- \/ Yoast SEO plugin. -->","yoast_head_json":{"title":"Kontakt - APPELL","robots":{"index":"index","follow":"follow","max-snippet":"max-snippet:-1","max-image-preview":"max-image-preview:large","max-video-preview":"max-video-preview:-1"},"canonical":"https:\/\/appell.lundppesociety.se\/index.php\/kontakt\/","og_locale":"sv_SE","og_type":"article","og_title":"Kontakt - APPELL","og_description":"F\u00f6r fr\u00e5gor eller bidrag: appell@lundppesociety.se Ni kan \u00e4ven n\u00e5 oss p\u00e5 via Facebook, f\u00f6lj QR-koden under. F\u00f6r Lund PPE society se hemsidan: Lund PPE society: http:\/\/lundppesociety.se\/","og_url":"https:\/\/appell.lundppesociety.se\/index.php\/kontakt\/","og_site_name":"APPELL","article_publisher":"https:\/\/www.facebook.com\/groups\/1665589337171854\/","article_modified_time":"2024-04-02T18:06:03+00:00","og_image":[{"url":"https:\/\/lundppesociety.se\/appell\/wp-content\/uploads\/2022\/11\/20221117_032230-edited-1.jpg"}],"twitter_card":"summary_large_image","twitter_misc":{"Ber\u00e4knad l\u00e4stid":"1 minut"},"schema":{"@context":"https:\/\/schema.org","@graph":[{"@type":"WebPage","@id":"https:\/\/appell.lundppesociety.se\/index.php\/kontakt\/","url":"https:\/\/appell.lundppesociety.se\/index.php\/kontakt\/","name":"Kontakt - APPELL","isPartOf":{"@id":"https:\/\/appell.lundppesociety.se\/#website"},"datePublished":"2022-10-28T19:32:17+00:00","dateModified":"2024-04-02T18:06:03+00:00","breadcrumb":{"@id":"https:\/\/appell.lundppesociety.se\/index.php\/kontakt\/#breadcrumb"},"inLanguage":"sv-SE","potentialAction":[{"@type":"ReadAction","target":["https:\/\/appell.lundppesociety.se\/index.php\/kontakt\/"]}]},{"@type":"BreadcrumbList","@id":"https:\/\/appell.lundppesociety.se\/index.php\/kontakt\/#breadcrumb","itemListElement":[{"@type":"ListItem","position":1,"name":"Hem","item":"https:\/\/appell.lundppesociety.se\/"},{"@type":"ListItem","position":2,"name":"Kontakt"}]},{"@type":"WebSite","@id":"https:\/\/appell.lundppesociety.se\/#website","url":"https:\/\/appell.lundppesociety.se\/","name":"APPELL","description":"En Appell f\u00f6r alla studenter","publisher":{"@id":"https:\/\/appell.lundppesociety.se\/#organization"},"potentialAction":[{"@type":"SearchAction","target":{"@type":"EntryPoint","urlTemplate":"https:\/\/appell.lundppesociety.se\/?s={search_term_string}"},"query-input":"required name=search_term_string"}],"inLanguage":"sv-SE"},{"@type":"Organization","@id":"https:\/\/appell.lundppesociety.se\/#organization","name":"APPELL","url":"https:\/\/appell.lundppesociety.se\/","logo":{"@type":"ImageObject","inLanguage":"sv-SE","@id":"https:\/\/appell.lundppesociety.se\/#\/schema\/logo\/image\/","url":"https:\/\/lundppesociety.se\/appell\/wp-content\/uploads\/2022\/11\/BORER-1tset26116447_112341127358476_6365536762709446454_n-green.png","contentUrl":"https:\/\/lundppesociety.se\/appell\/wp-content\/uploads\/2022\/11\/BORER-1tset26116447_112341127358476_6365536762709446454_n-green.png","width":406,"height":400,"caption":"APPELL"},"image":{"@id":"https:\/\/appell.lundppesociety.se\/#\/schema\/logo\/image\/"},"sameAs":["https:\/\/www.facebook.com\/groups\/1665589337171854\/"]}]}},"_links":{"self":[{"href":"https:\/\/appell.lundppesociety.se\/index.php\/wp-json\/wp\/v2\/pages\/29","targetHints":{"allow":["GET"]}}],"collection":[{"href":"https:\/\/appell.lundppesociety.se\/index.php\/wp-json\/wp\/v2\/pages"}],"about":[{"href":"https:\/\/appell.lundppesociety.se\/index.php\/wp-json\/wp\/v2\/types\/page"}],"author":[{"embeddable":true,"href":"https:\/\/appell.lundppesociety.se\/index.php\/wp-json\/wp\/v2\/users\/1"}],"replies":[{"embeddable":true,"href":"https:\/\/appell.lundppesociety.se\/index.php\/wp-json\/wp\/v2\/comments?post=29"}],"version-history":[{"count":19,"href":"https:\/\/appell.lundppesociety.se\/index.php\/wp-json\/wp\/v2\/pages\/29\/revisions"}],"predecessor-version":[{"id":726,"href":"https:\/\/appell.lundppesociety.se\/index.php\/wp-json\/wp\/v2\/pages\/29\/revisions\/726"}],"wp:attachment":[{"href":"https:\/\/appell.lundppesociety.se\/index.php\/wp-json\/wp\/v2\/media?parent=29"}],"curies":[{"name":"wp","href":"https:\/\/api.w.org\/{rel}","templated":true}]}}